{"id":2,"date":"2025-01-20T18:54:33","date_gmt":"2025-01-20T18:54:33","guid":{"rendered":"https:\/\/meeplejourney.com\/?page_id=2"},"modified":"2025-01-22T09:27:29","modified_gmt":"2025-01-22T09:27:29","slug":"home","status":"publish","type":"page","link":"https:\/\/meeplejourney.com\/pt\/","title":{"rendered":"Meeple Journey"},"content":{"rendered":"<h4 class=\"wp-block-heading\">Seu Guia para o Infinito Mundo dos Jogos de Tabuleiro!<\/h4>\n\n\n\n<p>O Meeple Journey \u00e9 dedicado a explorar o fascinante mundo dos jogos de tabuleiro, desde os cl\u00e1ssicos at\u00e9 joias escondidas. Seja voc\u00ea um jogador casual ou um estrategista experiente, aqui encontrar\u00e1 algo para despertar seu interesse.<\/p>","protected":false},"excerpt":{"rendered":"<p>Your Guide to the Endless World of Board Games! Meeple Journey is dedicated to exploring&hellip;<\/p>","protected":false},"author":1,"featured_media":0,"parent":0,"menu_order":0,"comment_status":"closed","ping_status":"open","template":"","meta":{"inline_featured_image":false,"footnotes":""},"class_list":["post-2","page","type-page","status-publish","hentry"],"yoast_head":"<!-- This site is optimized with the Yoast SEO plugin v27.4 - https:\/\/yoast.com\/product\/yoast-seo-wordpress\/ -->\n<title>Meeple Journey - Your Guide to the World of Board Games!<\/title>\n<meta name=\"description\" content=\"Meeple Journey is dedicated to the world of board games, from classics to hidden gems. We&#039;ll help you find something for your interest.\" \/>\n<meta name=\"robots\" content=\"index, follow, max-snippet:-1, max-image-preview:large, max-video-preview:-1\" \/>\n<link rel=\"canonical\" href=\"https:\/\/meeplejourney.com\/pt\/\" \/>\n<meta property=\"og:locale\" content=\"pt_BR\" \/>\n<meta property=\"og:type\" content=\"article\" \/>\n<meta property=\"og:title\" content=\"Meeple Journey - Your Guide to the World of Board Games!\" \/>\n<meta property=\"og:description\" content=\"Meeple Journey is dedicated to the world of board games, from classics to hidden gems. We&#039;ll help you find something for your interest.\" \/>\n<meta property=\"og:url\" content=\"https:\/\/meeplejourney.com\/pt\/\" \/>\n<meta property=\"og:site_name\" content=\"Meeple Journey\" \/>\n<meta property=\"article:modified_time\" content=\"2025-01-22T09:27:29+00:00\" \/>\n<meta property=\"og:image\" content=\"https:\/\/meeplejourney.com\/wp-content\/uploads\/2025\/01\/Logo500x500.png\" \/>\n\t<meta property=\"og:image:width\" content=\"500\" \/>\n\t<meta property=\"og:image:height\" content=\"500\" \/>\n\t<meta property=\"og:image:type\" content=\"image\/png\" \/>\n<meta name=\"twitter:card\" content=\"summary_large_image\" \/>\n<meta name=\"twitter:site\" content=\"@meeplejourneyEN\" \/>\n<meta name=\"twitter:label1\" content=\"Est. tempo de leitura\" \/>\n\t<meta name=\"twitter:data1\" content=\"1 minuto\" \/>\n<script type=\"application\/ld+json\" class=\"yoast-schema-graph\">{\"@context\":\"https:\\\/\\\/schema.org\",\"@graph\":[{\"@type\":\"WebPage\",\"@id\":\"https:\\\/\\\/meeplejourney.com\\\/\",\"url\":\"https:\\\/\\\/meeplejourney.com\\\/\",\"name\":\"Meeple Journey - Your Guide to the World of Board Games!\",\"isPartOf\":{\"@id\":\"https:\\\/\\\/meeplejourney.com\\\/#website\"},\"datePublished\":\"2025-01-20T18:54:33+00:00\",\"dateModified\":\"2025-01-22T09:27:29+00:00\",\"description\":\"Meeple Journey is dedicated to the world of board games, from classics to hidden gems. We'll help you find something for your interest.\",\"breadcrumb\":{\"@id\":\"https:\\\/\\\/meeplejourney.com\\\/#breadcrumb\"},\"inLanguage\":\"pt-BR\",\"potentialAction\":[{\"@type\":\"ReadAction\",\"target\":[\"https:\\\/\\\/meeplejourney.com\\\/\"]}]},{\"@type\":\"BreadcrumbList\",\"@id\":\"https:\\\/\\\/meeplejourney.com\\\/#breadcrumb\",\"itemListElement\":[{\"@type\":\"ListItem\",\"position\":1,\"name\":\"Home\",\"item\":\"https:\\\/\\\/meeplejourney.com\\\/\"},{\"@type\":\"ListItem\",\"position\":2,\"name\":\"Meeple Journey\"}]},{\"@type\":\"WebSite\",\"@id\":\"https:\\\/\\\/meeplejourney.com\\\/#website\",\"url\":\"https:\\\/\\\/meeplejourney.com\\\/\",\"name\":\"Meeple Journey\",\"description\":\"Your guide to the endless world of board games.\",\"publisher\":{\"@id\":\"https:\\\/\\\/meeplejourney.com\\\/#organization\"},\"potentialAction\":[{\"@type\":\"SearchAction\",\"target\":{\"@type\":\"EntryPoint\",\"urlTemplate\":\"https:\\\/\\\/meeplejourney.com\\\/?s={search_term_string}\"},\"query-input\":{\"@type\":\"PropertyValueSpecification\",\"valueRequired\":true,\"valueName\":\"search_term_string\"}}],\"inLanguage\":\"pt-BR\"},{\"@type\":\"Organization\",\"@id\":\"https:\\\/\\\/meeplejourney.com\\\/#organization\",\"name\":\"Meeple Journey\",\"url\":\"https:\\\/\\\/meeplejourney.com\\\/\",\"logo\":{\"@type\":\"ImageObject\",\"inLanguage\":\"pt-BR\",\"@id\":\"https:\\\/\\\/meeplejourney.com\\\/#\\\/schema\\\/logo\\\/image\\\/\",\"url\":\"https:\\\/\\\/meeplejourney.com\\\/wp-content\\\/uploads\\\/2025\\\/01\\\/cropped-Logo500x500.png\",\"contentUrl\":\"https:\\\/\\\/meeplejourney.com\\\/wp-content\\\/uploads\\\/2025\\\/01\\\/cropped-Logo500x500.png\",\"width\":512,\"height\":512,\"caption\":\"Meeple Journey\"},\"image\":{\"@id\":\"https:\\\/\\\/meeplejourney.com\\\/#\\\/schema\\\/logo\\\/image\\\/\"},\"sameAs\":[\"https:\\\/\\\/x.com\\\/meeplejourneyEN\",\"https:\\\/\\\/www.instagram.com\\\/meeplejourney_en?igsh=YjBpZGs5NGQ0djdk&utm_source=qr\"]}]}<\/script>\n<!-- \/ Yoast SEO plugin. -->","yoast_head_json":{"title":"Meeple Journey - Your Guide to the World of Board Games!","description":"Meeple Journey is dedicated to the world of board games, from classics to hidden gems. We'll help you find something for your interest.","robots":{"index":"index","follow":"follow","max-snippet":"max-snippet:-1","max-image-preview":"max-image-preview:large","max-video-preview":"max-video-preview:-1"},"canonical":"https:\/\/meeplejourney.com\/pt\/","og_locale":"pt_BR","og_type":"article","og_title":"Meeple Journey - Your Guide to the World of Board Games!","og_description":"Meeple Journey is dedicated to the world of board games, from classics to hidden gems. We'll help you find something for your interest.","og_url":"https:\/\/meeplejourney.com\/pt\/","og_site_name":"Meeple Journey","article_modified_time":"2025-01-22T09:27:29+00:00","og_image":[{"width":500,"height":500,"url":"https:\/\/meeplejourney.com\/wp-content\/uploads\/2025\/01\/Logo500x500.png","type":"image\/png"}],"twitter_card":"summary_large_image","twitter_site":"@meeplejourneyEN","twitter_misc":{"Est. tempo de leitura":"1 minuto"},"schema":{"@context":"https:\/\/schema.org","@graph":[{"@type":"WebPage","@id":"https:\/\/meeplejourney.com\/","url":"https:\/\/meeplejourney.com\/","name":"Meeple Journey - Your Guide to the World of Board Games!","isPartOf":{"@id":"https:\/\/meeplejourney.com\/#website"},"datePublished":"2025-01-20T18:54:33+00:00","dateModified":"2025-01-22T09:27:29+00:00","description":"Meeple Journey is dedicated to the world of board games, from classics to hidden gems. We'll help you find something for your interest.","breadcrumb":{"@id":"https:\/\/meeplejourney.com\/#breadcrumb"},"inLanguage":"pt-BR","potentialAction":[{"@type":"ReadAction","target":["https:\/\/meeplejourney.com\/"]}]},{"@type":"BreadcrumbList","@id":"https:\/\/meeplejourney.com\/#breadcrumb","itemListElement":[{"@type":"ListItem","position":1,"name":"Home","item":"https:\/\/meeplejourney.com\/"},{"@type":"ListItem","position":2,"name":"Meeple Journey"}]},{"@type":"WebSite","@id":"https:\/\/meeplejourney.com\/#website","url":"https:\/\/meeplejourney.com\/","name":"Meeple Journey","description":"Your guide to the endless world of board games.","publisher":{"@id":"https:\/\/meeplejourney.com\/#organization"},"potentialAction":[{"@type":"SearchAction","target":{"@type":"EntryPoint","urlTemplate":"https:\/\/meeplejourney.com\/?s={search_term_string}"},"query-input":{"@type":"PropertyValueSpecification","valueRequired":true,"valueName":"search_term_string"}}],"inLanguage":"pt-BR"},{"@type":"Organization","@id":"https:\/\/meeplejourney.com\/#organization","name":"Meeple Journey","url":"https:\/\/meeplejourney.com\/","logo":{"@type":"ImageObject","inLanguage":"pt-BR","@id":"https:\/\/meeplejourney.com\/#\/schema\/logo\/image\/","url":"https:\/\/meeplejourney.com\/wp-content\/uploads\/2025\/01\/cropped-Logo500x500.png","contentUrl":"https:\/\/meeplejourney.com\/wp-content\/uploads\/2025\/01\/cropped-Logo500x500.png","width":512,"height":512,"caption":"Meeple Journey"},"image":{"@id":"https:\/\/meeplejourney.com\/#\/schema\/logo\/image\/"},"sameAs":["https:\/\/x.com\/meeplejourneyEN","https:\/\/www.instagram.com\/meeplejourney_en?igsh=YjBpZGs5NGQ0djdk&utm_source=qr"]}]}},"_links":{"self":[{"href":"https:\/\/meeplejourney.com\/pt\/wp-json\/wp\/v2\/pages\/2","targetHints":{"allow":["GET"]}}],"collection":[{"href":"https:\/\/meeplejourney.com\/pt\/wp-json\/wp\/v2\/pages"}],"about":[{"href":"https:\/\/meeplejourney.com\/pt\/wp-json\/wp\/v2\/types\/page"}],"author":[{"embeddable":true,"href":"https:\/\/meeplejourney.com\/pt\/wp-json\/wp\/v2\/users\/1"}],"replies":[{"embeddable":true,"href":"https:\/\/meeplejourney.com\/pt\/wp-json\/wp\/v2\/comments?post=2"}],"version-history":[{"count":1,"href":"https:\/\/meeplejourney.com\/pt\/wp-json\/wp\/v2\/pages\/2\/revisions"}],"predecessor-version":[{"id":29,"href":"https:\/\/meeplejourney.com\/pt\/wp-json\/wp\/v2\/pages\/2\/revisions\/29"}],"wp:attachment":[{"href":"https:\/\/meeplejourney.com\/pt\/wp-json\/wp\/v2\/media?parent=2"}],"curies":[{"name":"wp","href":"https:\/\/api.w.org\/{rel}","templated":true}]}}